{"id":2967,"date":"2018-07-16T10:45:55","date_gmt":"2018-07-16T08:45:55","guid":{"rendered":"http:\/\/localhost:8888\/dusserre\/politique-de-confidentialite\/"},"modified":"2024-06-26T10:27:44","modified_gmt":"2024-06-26T08:27:44","slug":"politique-de-confidentialite","status":"publish","type":"page","link":"https:\/\/dusserre.fr\/en\/politique-de-confidentialite\/","title":{"rendered":"Legal notices"},"content":{"rendered":"\n[et_pb_section][et_pb_row][et_pb_column type=&#8221;4_4&#8243;][et_pb_text]<h4><strong>Personal data<\/strong><\/h4>\nCette d\u00e9claration de confidentialit\u00e9 se r\u00e9f\u00e8re \u00e0 Cartamundi Services NV, enregistr\u00e9e sous le num\u00e9ro d\u2019entreprise 0877.568.403., et \u00e0 Cartamundi Turnhout NV, enregistr\u00e9e sous le num\u00e9ro d\u2019entreprise 0877.566.324 (ci-apr\u00e8s et conjointement, \u00ab <strong>Cartamundi<\/strong> \u00bb). Cartamundi peut utiliser les donn\u00e9es personnelles ou commerciales que vous fournissez \u00e0 des fins diverses.\nVeuillez lire notre <a href=\"https:\/\/cartamundi.com\/app\/uploads\/2018\/03\/Cartamundi-Privacy-policy-FR.pdf\" target=\"_blank\" rel=\"noopener noreferrer\">politique en mati\u00e8re de confidentitialit\u00e9<\/a> pour en savoir plus sur l\u2019utilisation du votre donn\u00e9es.\n<h4><strong>Cookies<\/strong><\/h4>\nCartamundi utilise des cookies pour simplifier votre exp\u00e9rience de navigation sur le site Internet de Cartes-Grimaud et rendre celle-ci plus agr\u00e9able. Les cookies nous permettent \u00e9galement d\u2019adapter le contenu de notre site Internet pour mieux r\u00e9pondre \u00e0 vos besoins et pr\u00e9f\u00e9rences.\n\nIl est possible de configurer votre navigateur pour refuser l\u2019installation de cookies, mais cette configuration peut avoir une incidence n\u00e9gative sur les performances de certaines parties du site Internet de Cartamundi. En poursuivant votre visite sur le site Internet de Cartamundi sans modifier les param\u00e8tres des cookies et en cliquant sur \u00ab J&#8217;accepte \u00bb, nous supposons que vous acceptez l\u2019installation de nos cookies.\n\nVeuillez lire notre <a href=\"https:\/\/cartamundi.com\/app\/uploads\/2018\/03\/Cartamundi-Cookie-policy-FR.pdf\" target=\"_blank\" rel=\"noopener noreferrer\">politique en mati\u00e8re de cookies<\/a> pour en savoir plus sur l\u2019utilisation des cookies.\n<h4><strong>Vos droits<\/strong><\/h4>\nSi vous avez une plainte concernant le traitement de vos donn\u00e9es personnelles par nos soins, vous pouvez toujours prendre contact par le biais <a href=\"https:\/\/cartamundi.com\/fr\/contact\/\">du formulaire de contact.<\/a> Si notre r\u00e9ponse est toujours insatisfaisante, vous \u00eates libre d\u2019introduire une plainte aupr\u00e8s des autorit\u00e9s comp\u00e9tentes en mati\u00e8re de protection des donn\u00e9es, le Comit\u00e9 belgde de la vie priv\u00e9e. Pour obtenir <a href=\"https:\/\/www.privacycommission.be\/\" target=\"_blank\" rel=\"noopener noreferrer\">plus d\u2019informations<\/a>.\n\nCartamundi accorde beaucoup d\u2019importance \u00e0 la protection de votre vie priv\u00e9e et de vos donn\u00e9es personnelles.[\/et_pb_text][\/et_pb_column][\/et_pb_row][\/et_pb_section]\n","protected":false},"excerpt":{"rendered":"<p><div class=\"et_pb_section et_pb_section_0 et_section_regular\" >\n\t\t\t\t\n\t\t\t\t\n\t\t\t\t\n\t\t\t\t\n\t\t\t\t\n\t\t\t\t\n\t\t\t\t\n\t\t\t\t\n\t\t\t\t\n\t\t\t<\/div><div class=\"et_pb_row et_pb_row_0 et_pb_row_empty\">\n\t\t\t\t\n\t\t\t\t\n\t\t\t\t\n\t\t\t\t\n\t\t\t\t\n\t\t\t<\/div><div class=\"et_pb_module et_pb_text et_pb_text_0  et_pb_text_align_left et_pb_bg_layout_light\">\n\t\t\t\t\n\t\t\t\t\n\t\t\t\t\n\t\t\t\t\n\t\t\t\t\n\t\t\t<\/div>Personal data Cette d\u00e9claration de confidentialit\u00e9 se r\u00e9f\u00e8re \u00e0 Cartamundi Services NV, enregistr\u00e9e sous le num\u00e9ro d\u2019entreprise 0877.568.403., et \u00e0 Cartamundi Turnhout NV, enregistr\u00e9e sous le num\u00e9ro d\u2019entreprise 0877.566.324 (ci-apr\u00e8s et conjointement, \u00ab Cartamundi \u00bb). Cartamundi peut utiliser les donn\u00e9es personnelles ou commerciales que vous fournissez \u00e0 des fins diverses. Veuillez lire notre politique en [&hellip;]<\/p>\n","protected":false},"author":1,"featured_media":0,"parent":0,"menu_order":0,"comment_status":"closed","ping_status":"open","template":"","meta":{"_acf_changed":false,"_et_pb_use_builder":"on","_et_pb_old_content":"","_et_gb_content_width":"","inline_featured_image":false,"footnotes":""},"class_list":["post-2967","page","type-page","status-publish","hentry"],"acf":[],"yoast_head":"<!-- This site is optimized with the Yoast SEO plugin v27.4 - https:\/\/yoast.com\/product\/yoast-seo-wordpress\/ -->\n<title>Legal notices - Dusserre<\/title>\n<meta name=\"robots\" content=\"index, follow, max-snippet:-1, max-image-preview:large, max-video-preview:-1\" \/>\n<link rel=\"canonical\" href=\"https:\/\/dusserre.fr\/en\/politique-de-confidentialite\/\" \/>\n<meta property=\"og:locale\" content=\"en_US\" \/>\n<meta property=\"og:type\" content=\"article\" \/>\n<meta property=\"og:title\" content=\"Legal notices - Dusserre\" \/>\n<meta property=\"og:description\" content=\"Personal data Cette d\u00e9claration de confidentialit\u00e9 se r\u00e9f\u00e8re \u00e0 Cartamundi Services NV, enregistr\u00e9e sous le num\u00e9ro d\u2019entreprise 0877.568.403., et \u00e0 Cartamundi Turnhout NV, enregistr\u00e9e sous le num\u00e9ro d\u2019entreprise 0877.566.324 (ci-apr\u00e8s et conjointement, \u00ab Cartamundi \u00bb). Cartamundi peut utiliser les donn\u00e9es personnelles ou commerciales que vous fournissez \u00e0 des fins diverses. Veuillez lire notre politique en [&hellip;]\" \/>\n<meta property=\"og:site_name\" content=\"Dusserre\" \/>\n<meta property=\"article:modified_time\" content=\"2024-06-26T08:27:44+00:00\" \/>\n<meta name=\"twitter:card\" content=\"summary_large_image\" \/>\n<meta name=\"twitter:label1\" content=\"Est. reading time\" \/>\n\t<meta name=\"twitter:data1\" content=\"2 minutes\" \/>\n<script type=\"application\/ld+json\" class=\"yoast-schema-graph\">{\"@context\":\"https:\\\/\\\/schema.org\",\"@graph\":[{\"@type\":\"WebPage\",\"@id\":\"https:\\\/\\\/dusserre.fr\\\/en\\\/politique-de-confidentialite\\\/\",\"url\":\"https:\\\/\\\/dusserre.fr\\\/en\\\/politique-de-confidentialite\\\/\",\"name\":\"Legal notices - Dusserre\",\"isPartOf\":{\"@id\":\"https:\\\/\\\/dusserre.fr\\\/en\\\/#website\"},\"datePublished\":\"2018-07-16T08:45:55+00:00\",\"dateModified\":\"2024-06-26T08:27:44+00:00\",\"inLanguage\":\"en-US\",\"potentialAction\":[{\"@type\":\"ReadAction\",\"target\":[\"https:\\\/\\\/dusserre.fr\\\/en\\\/politique-de-confidentialite\\\/\"]}]},{\"@type\":\"WebSite\",\"@id\":\"https:\\\/\\\/dusserre.fr\\\/en\\\/#website\",\"url\":\"https:\\\/\\\/dusserre.fr\\\/en\\\/\",\"name\":\"Dusserre\",\"description\":\"Ma\u00eetre Cartier\",\"potentialAction\":[{\"@type\":\"SearchAction\",\"target\":{\"@type\":\"EntryPoint\",\"urlTemplate\":\"https:\\\/\\\/dusserre.fr\\\/en\\\/?s={search_term_string}\"},\"query-input\":{\"@type\":\"PropertyValueSpecification\",\"valueRequired\":true,\"valueName\":\"search_term_string\"}}],\"inLanguage\":\"en-US\"}]}<\/script>\n<!-- \/ Yoast SEO plugin. -->","yoast_head_json":{"title":"Legal notices - Dusserre","robots":{"index":"index","follow":"follow","max-snippet":"max-snippet:-1","max-image-preview":"max-image-preview:large","max-video-preview":"max-video-preview:-1"},"canonical":"https:\/\/dusserre.fr\/en\/politique-de-confidentialite\/","og_locale":"en_US","og_type":"article","og_title":"Legal notices - Dusserre","og_description":"Personal data Cette d\u00e9claration de confidentialit\u00e9 se r\u00e9f\u00e8re \u00e0 Cartamundi Services NV, enregistr\u00e9e sous le num\u00e9ro d\u2019entreprise 0877.568.403., et \u00e0 Cartamundi Turnhout NV, enregistr\u00e9e sous le num\u00e9ro d\u2019entreprise 0877.566.324 (ci-apr\u00e8s et conjointement, \u00ab Cartamundi \u00bb). Cartamundi peut utiliser les donn\u00e9es personnelles ou commerciales que vous fournissez \u00e0 des fins diverses. Veuillez lire notre politique en [&hellip;]","og_site_name":"Dusserre","article_modified_time":"2024-06-26T08:27:44+00:00","twitter_card":"summary_large_image","twitter_misc":{"Est. reading time":"2 minutes"},"schema":{"@context":"https:\/\/schema.org","@graph":[{"@type":"WebPage","@id":"https:\/\/dusserre.fr\/en\/politique-de-confidentialite\/","url":"https:\/\/dusserre.fr\/en\/politique-de-confidentialite\/","name":"Legal notices - Dusserre","isPartOf":{"@id":"https:\/\/dusserre.fr\/en\/#website"},"datePublished":"2018-07-16T08:45:55+00:00","dateModified":"2024-06-26T08:27:44+00:00","inLanguage":"en-US","potentialAction":[{"@type":"ReadAction","target":["https:\/\/dusserre.fr\/en\/politique-de-confidentialite\/"]}]},{"@type":"WebSite","@id":"https:\/\/dusserre.fr\/en\/#website","url":"https:\/\/dusserre.fr\/en\/","name":"Dusserre","description":"Ma\u00eetre Cartier","potentialAction":[{"@type":"SearchAction","target":{"@type":"EntryPoint","urlTemplate":"https:\/\/dusserre.fr\/en\/?s={search_term_string}"},"query-input":{"@type":"PropertyValueSpecification","valueRequired":true,"valueName":"search_term_string"}}],"inLanguage":"en-US"}]}},"_links":{"self":[{"href":"https:\/\/dusserre.fr\/en\/wp-json\/wp\/v2\/pages\/2967","targetHints":{"allow":["GET"]}}],"collection":[{"href":"https:\/\/dusserre.fr\/en\/wp-json\/wp\/v2\/pages"}],"about":[{"href":"https:\/\/dusserre.fr\/en\/wp-json\/wp\/v2\/types\/page"}],"author":[{"embeddable":true,"href":"https:\/\/dusserre.fr\/en\/wp-json\/wp\/v2\/users\/1"}],"replies":[{"embeddable":true,"href":"https:\/\/dusserre.fr\/en\/wp-json\/wp\/v2\/comments?post=2967"}],"version-history":[{"count":0,"href":"https:\/\/dusserre.fr\/en\/wp-json\/wp\/v2\/pages\/2967\/revisions"}],"wp:attachment":[{"href":"https:\/\/dusserre.fr\/en\/wp-json\/wp\/v2\/media?parent=2967"}],"curies":[{"name":"wp","href":"https:\/\/api.w.org\/{rel}","templated":true}]}}